{"id":7907,"date":"2025-09-23T12:40:42","date_gmt":"2025-09-23T10:40:42","guid":{"rendered":"https:\/\/www.umr-diade.fr\/formation\/"},"modified":"2026-02-11T10:14:44","modified_gmt":"2026-02-11T09:14:44","slug":"training","status":"publish","type":"page","link":"https:\/\/www.umr-diade.fr\/en\/training\/","title":{"rendered":"Training"},"content":{"rendered":"\t\t<div data-elementor-type=\"wp-page\" data-elementor-id=\"7907\" class=\"elementor elementor-7907 elementor-3177\" data-elementor-post-type=\"page\">\n\t\t\t\t<div class=\"elementor-element elementor-element-a337d64 e-con-full e-flex e-con e-parent\" data-id=\"a337d64\" data-element_type=\"container\" data-e-type=\"container\">\n\t\t<div class=\"elementor-element elementor-element-ae37c78 e-flex e-con-boxed e-con e-child\" data-id=\"ae37c78\" data-element_type=\"container\" data-e-type=\"container\">\n\t\t\t\t\t<div class=\"e-con-inner\">\n\t\t\t\t<div class=\"elementor-element elementor-element-eb35f1a elementor-widget elementor-widget-dce-rawphp\" data-id=\"eb35f1a\" data-element_type=\"widget\" data-e-type=\"widget\" data-widget_type=\"dce-rawphp.default\">\n\t\t\t\t<div class=\"elementor-widget-container\">\n\t\t\t\t\t<!-- Dynamic PHP Raw --><nav class=\"pc-breadcrumb\" aria-label=\"Fil d'Ariane\"><ol itemscope itemtype=\"https:\/\/schema.org\/BreadcrumbList\"><li itemprop=\"itemListElement\" itemscope itemtype=\"https:\/\/schema.org\/ListItem\" class=\"is-current\"><span itemprop=\"name\" aria-current=\"page\">Home<\/span><meta itemprop=\"position\" content=\"1\"><\/li><\/ol><\/nav>\t\t\t\t<\/div>\n\t\t\t\t<\/div>\n\t\t<div class=\"elementor-element elementor-element-74ca2be e-con-full e-flex e-con e-child\" data-id=\"74ca2be\" data-element_type=\"container\" data-e-type=\"container\">\n\t\t<div data-dce-background-image-url=\"https:\/\/www.umr-diade.fr\/wp-content\/uploads\/2025\/11\/Formation_lab_work.jpg\" data-dce-background-overlay-image-url=\"https:\/\/www.umr-diade.fr\/wp-content\/uploads\/\/2025\/07\/Sigle-DIADE-1.svg\" class=\"elementor-element elementor-element-bb008d1 e-flex e-con-boxed e-con e-child\" data-id=\"bb008d1\" data-element_type=\"container\" data-e-type=\"container\" data-settings=\"{&quot;background_background&quot;:&quot;classic&quot;,&quot;background_motion_fx_motion_fx_scrolling&quot;:&quot;yes&quot;,&quot;background_motion_fx_translateY_effect&quot;:&quot;yes&quot;,&quot;background_motion_fx_translateY_speed&quot;:{&quot;unit&quot;:&quot;px&quot;,&quot;size&quot;:2,&quot;sizes&quot;:[]},&quot;background_motion_fx_devices&quot;:[&quot;desktop&quot;,&quot;tablet&quot;],&quot;animation_mobile&quot;:&quot;none&quot;,&quot;background_motion_fx_translateY_affectedRange&quot;:{&quot;unit&quot;:&quot;%&quot;,&quot;size&quot;:&quot;&quot;,&quot;sizes&quot;:{&quot;start&quot;:0,&quot;end&quot;:100}}}\">\n\t\t\t\t\t<div class=\"e-con-inner\">\n\t\t\t\t\t<\/div>\n\t\t\t\t<\/div>\n\t\t\t\t<\/div>\n\t\t\t\t\t<\/div>\n\t\t\t\t<\/div>\n\t\t<div class=\"elementor-element elementor-element-7621721 e-flex e-con-boxed e-con e-child\" data-id=\"7621721\" data-element_type=\"container\" data-e-type=\"container\">\n\t\t\t\t\t<div class=\"e-con-inner\">\n\t\t<div class=\"elementor-element elementor-element-b8ab4ea e-con-full e-flex e-con e-child\" data-id=\"b8ab4ea\" data-element_type=\"container\" data-e-type=\"container\">\n\t\t\t\t<div class=\"elementor-element elementor-element-2415d9c elementor-widget__width-initial elementor-widget elementor-widget-heading\" data-id=\"2415d9c\" data-element_type=\"widget\" data-e-type=\"widget\" data-widget_type=\"heading.default\">\n\t\t\t\t<div class=\"elementor-widget-container\">\n\t\t\t\t\t<h1 class=\"elementor-heading-title elementor-size-default\">Training<\/h1>\t\t\t\t<\/div>\n\t\t\t\t<\/div>\n\t\t\t\t<div class=\"elementor-element elementor-element-0440809 elementor-widget__width-initial elementor-widget elementor-widget-text-editor\" data-id=\"0440809\" data-element_type=\"widget\" data-e-type=\"widget\" data-widget_type=\"text-editor.default\">\n\t\t\t\t<div class=\"elementor-widget-container\">\n\t\t\t\t\t\t\t\t\t<p>Les membres de l\u2019UMR Diade sont fortement impliqu\u00e9s dans l\u2019enseignement sup\u00e9rieur et la formation, avec plus de 1\u00a0000\u00a0heures dispens\u00e9es par an, au Nord comme au Sud.<\/p>\t\t\t\t\t\t\t\t<\/div>\n\t\t\t\t<\/div>\n\t\t\t\t<div class=\"elementor-element elementor-element-d4fdcdf elementor-widget__width-initial elementor-widget elementor-widget-text-editor\" data-id=\"d4fdcdf\" data-element_type=\"widget\" data-e-type=\"widget\" data-widget_type=\"text-editor.default\">\n\t\t\t\t<div class=\"elementor-widget-container\">\n\t\t\t\t\t\t\t\t\t<p>We are particularly engaged with the University of Montpellier, one of <a href=\"https:\/\/www.umr-diade.fr\/en\/our-institutions\/\">our institutions<\/a> with two associate professors, two full professors, and a junior professor chair affiliated with the University.<\/p>\n<p>Members of the unit are notably co-coordinators of the specializations \u201cBiotechnologies and Improvement of Tropical Plants\u201d (BAPT) and \u201cPlant Biology for Agro-environment\u201d (BiPa) within the Master\u2019s programme \u201cBiology and Agrosciences\u201d.<br \/>\nThe unit is also involved in the Ga\u00efa doctoral school, with responsibility for the \u201cIntegrative Biology, Diversity and Improvement of Plants\u201d (BIDAP) department.<\/p>\n<p>Through our collaborations with countries of the Global South, we also carry out numerous training activities abroad.<br \/>\nResearchers and engineers from the unit contribute as trainers and also as (co-)coordinators of teaching modules.<\/p>\n<p>Our training activities target students from undergraduate to PhD level. We are also involved in researcher schools, as well as in training programmes for professionals (such as system administrators) and for stakeholders from civil society.<\/p>\n<p><span style=\"color: #155f75\"><em>Number of training hours delivered by DIADE at the University of Montpellier and in collaboration with partners in countries of the Global South (2019\u20132024).<\/em><\/span><\/p>\n\t\t\t\t\t\t\t\t<\/div>\n\t\t\t\t<\/div>\n\t\t\t\t<\/div>\n\t\t<div class=\"elementor-element elementor-element-92b128d e-con-full e-flex e-con e-child\" data-id=\"92b128d\" data-element_type=\"container\" data-e-type=\"container\">\n\t\t\t\t<div class=\"elementor-element elementor-element-2dc77bd elementor-widget elementor-widget-heading\" data-id=\"2dc77bd\" data-element_type=\"widget\" data-e-type=\"widget\" data-widget_type=\"heading.default\">\n\t\t\t\t<div class=\"elementor-widget-container\">\n\t\t\t\t\t<h2 class=\"elementor-heading-title elementor-size-default\">Training programmes in which we are involved<\/h2>\t\t\t\t<\/div>\n\t\t\t\t<\/div>\n\t\t\t\t<div class=\"elementor-element elementor-element-bc06fbf elementor-widget elementor-widget-shortcode\" data-id=\"bc06fbf\" data-element_type=\"widget\" data-e-type=\"widget\" data-widget_type=\"shortcode.default\">\n\t\t\t\t<div class=\"elementor-widget-container\">\n\t\t\t\t\t\t\t<div class=\"elementor-shortcode\">    <div class=\"acf-tabs\" id=\"acf-tabs-vrQn6G\">\n      <div class=\"acf-tabs__list\" role=\"tablist\">\n                  <button\n            class=\"acf-tabs__tab is-active\"\n            id=\"acf-tabs-vrQn6G-tab-0\"\n            role=\"tab\"\n            aria-selected=\"true\"\n            aria-controls=\"acf-tabs-vrQn6G-panel-0\"\n            tabindex=\"0\">\n            Bachelor Level          <\/button>\n                  <button\n            class=\"acf-tabs__tab\"\n            id=\"acf-tabs-vrQn6G-tab-1\"\n            role=\"tab\"\n            aria-selected=\"false\"\n            aria-controls=\"acf-tabs-vrQn6G-panel-1\"\n            tabindex=\"-1\">\n            Master Level          <\/button>\n                  <button\n            class=\"acf-tabs__tab\"\n            id=\"acf-tabs-vrQn6G-tab-2\"\n            role=\"tab\"\n            aria-selected=\"false\"\n            aria-controls=\"acf-tabs-vrQn6G-panel-2\"\n            tabindex=\"-1\">\n            Other training courses          <\/button>\n              <\/div>\n\n              <div\n          class=\"acf-tabs__panel is-active\"\n          id=\"acf-tabs-vrQn6G-panel-0\"\n          role=\"tabpanel\"\n          aria-labelledby=\"acf-tabs-vrQn6G-tab-0\"\n          >\n          <p><span style=\"color: #155f75\"><strong>University of Montpellier<\/strong><\/span><\/p>\n<ul>\n<li><a href=\"https:\/\/formations.umontpellier.fr\/fr\/formations\/licence-XA\/l2-l3-sciences-de-la-vie-ME139.html\" target=\"_blank\" rel=\"noopener\">Bachelor\u2019s degree in Life Sciences<\/a><\/li>\n<li><a href=\"https:\/\/prepa-agroveto.edu.umontpellier.fr\/\" target=\"_blank\" rel=\"noopener\">Bachelor\u2019s degree in Life Sciences \/ Preparatory track for Agro-Veterinary competitive exams<\/a><\/li>\n<li><a href=\"https:\/\/formations.umontpellier.fr\/fr\/formations\/licence-professionnelle-DP\/licence-professionnelle-agronomie-experimentation-vegetale-pour-l-amelioration-des-plantes-mediterraneennes-et-tropicales-ME180\/l3-licence-professionnelle-experimentation-vegetale-pour-l-amelioration-et-la-protection-des-plantes-mediterraneennes-et-tropicales-evappmt-PR572.html\" target=\"_blank\" rel=\"noopener\">Professional Bachelor\u2019s degree in Agronomy<\/a><\/li>\n<li><a href=\"https:\/\/formations.umontpellier.fr\/fr\/formations\/licence-professionnelle-DP\/licence-professionnelle-agronomie-experimentation-vegetale-pour-l-amelioration-des-plantes-mediterraneennes-et-tropicales-ME180\/l3-licence-professionnelle-experimentation-vegetale-pour-l-amelioration-et-la-protection-des-plantes-mediterraneennes-et-tropicales-evappmt-PR572.html\" target=\"_blank\" rel=\"noopener\">Plant experimentation for the improvement of Mediterranean and tropical plants (EVAPPMT)<\/a><\/li>\n<li><a href=\"https:\/\/formations.umontpellier.fr\/fr\/formations\/licence-XA\/l2-l3-licence-chimie-ME130.html\" target=\"_blank\" rel=\"noopener\">Bachelor\u2019s degree in Chemistry<\/a><\/li>\n<\/ul>\n<p>&nbsp;<\/p>\n<p><span style=\"color: #155f75\"><strong>Universities in the Global South<\/strong><\/span><\/p>\n<ul>\n<li><a href=\"https:\/\/www.puce.edu.ec\/\" target=\"_blank\" rel=\"noopener\">Pontificia Universidad Catolica del Ecuador (PUCE), Ecuador<\/a><\/li>\n<li><a href=\"https:\/\/pregrados.uis.edu.co\/en\/home\/\" target=\"_blank\" rel=\"noopener\">Universidad Industrial de Santander (UIS), Colombia<\/a><\/li>\n<li><a href=\"https:\/\/www.umng.edu.co\/inicio\" target=\"_blank\" rel=\"noopener\">Universidad Militar Nueva Granada (UMNG), Colombia<\/a><\/li>\n<\/ul>\n        <\/div>\n              <div\n          class=\"acf-tabs__panel\"\n          id=\"acf-tabs-vrQn6G-panel-1\"\n          role=\"tabpanel\"\n          aria-labelledby=\"acf-tabs-vrQn6G-tab-1\"\n          hidden>\n          <p><span style=\"color: #155f75\"><strong>Universit\u00e9 de Montpellier<\/strong><\/span><\/p>\n<ul>\n<li><a href=\"https:\/\/formations.umontpellier.fr\/fr\/formations\/master-XB\/master-biologie-agrosciences-ME147\/biologie-des-plantes-pour-l-agro-environnement-bipa-KKI9NYD2.html\" target=\"_blank\" rel=\"noopener\">Master\u2019s degree in Plant Biology for the Agro-environment (BiPa)<\/a><\/li>\n<li><a href=\"https:\/\/formations.umontpellier.fr\/fr\/formations\/master-XB\/master-biologie-agrosciences-ME147\/biotechnologie-et-amelioration-des-plantes-tropicales-bapt-PR445.html\" target=\"_blank\" rel=\"noopener\">Master\u2019s degree in Biotechnology and Improvement of Tropical Plants (BAPT)<\/a><\/li>\n<li><a href=\"https:\/\/formations.umontpellier.fr\/fr\/formations\/master-XB\/master-biologie-agrosciences-ME147\/management-et-experimentation-vegetale-mev-KKI9VL8Q.html\" target=\"_blank\" rel=\"noopener\">Master\u2019s degree in Management and Plant Experimentation (MEV)<\/a><\/li>\n<li><a href=\"https:\/\/formations.umontpellier.fr\/fr\/formations\/master-XB\/master-biologie-agrosciences-ME147\/interactions-plantes-microorganismes-ipm-PR446\/m2-interactions-plantes-microorganismes-ipm-KKI9RZY2.html\" target=\"_blank\" rel=\"noopener\">Master\u2019s degree in Plant\u2013Microorganism Interactions (IPM)<\/a><\/li>\n<li><a href=\"https:\/\/idil.edu.umontpellier.fr\/\" target=\"_blank\" rel=\"noopener\">Master\u2019s degree in Inter-Disciplinary In Lab (IDIL)<\/a><\/li>\n<li><a href=\"https:\/\/formations.umontpellier.fr\/fr\/formations\/master-XB\/master-bioinformatique-KKI9GZEV.html\" target=\"_blank\" rel=\"noopener\">Master\u2019s degree in Bioinformatics<\/a><\/li>\n<li><a href=\"https:\/\/formations.umontpellier.fr\/fr\/formations\/master-XB\/master-biodiversite-ecologie-et-evolution-ME156\/biodiversite-vegetale-et-gestion-des-ecosystemes-tropicaux-bioget-PR486.html\" target=\"_blank\" rel=\"noopener\">Master\u2019s degree in Plant Biodiversity and Management of Tropical Ecosystems (BioGET)<\/a><\/li>\n<\/ul>\n<p>&nbsp;<\/p>\n<p><span style=\"color: #155f75\"><strong>Engineering schools<\/strong><\/span><\/p>\n<ul>\n<li><a href=\"https:\/\/www.institut-agro-montpellier.fr\/formations\/catalogue-des-formations\/recherche-d-une-formation\/option-amelioration-des-plantes-et\" target=\"_blank\" rel=\"noopener\">Institut Agro, Montpellier \u2013 Engineering curriculum, option Improvement of Mediterranean and Tropical Plants and Plant Engineering (APIMET)<\/li>\n<li><a href=\"https:\/\/www.polytech.umontpellier.fr\/\" target=\"_blank\" rel=\"noopener\">Polytech Montpellier<\/a><\/li>\n<li><a href=\"https:\/\/www.institut-agro-rennes-angers.fr\/\" target=\"_blank\" rel=\"noopener\">Institut Agro Rennes-Angers<\/a><\/li>\n<li><a href=\"https:\/\/www.ensat.fr\/fr\/index.html\" target=\"_blank\" rel=\"noopener\">National Higher School of Agronomy of Toulouse (INP-ENSAT)<\/a><\/li>\n<\/ul>\n<p>&nbsp;<\/p>\n<p><span style=\"color: #155f75\"><strong>Universities in the Global South<\/strong><\/span><\/p>\n<ul>\n<li><a href=\"http:\/\/www.fsr.ac.ma\/DOC\/master-affiche\/MAster-MABIOVA-Fiche.pdf\" target=\"_blank\" rel=\"noopener\">Mohamed V University of Rabat, Morocco \u2013 Master\u2019s degree in Plant Biotechnology for Plant Improvement (M@BIOVA)<\/a><\/li>\n<li><a href=\"https:\/\/www.umc.edu.dz\/index.php\/fr\/\" target=\"_blank\" rel=\"noopener\">University of Constantine, Algeria<\/a><\/li>\n<li><a href=\"https:\/\/fst.ucad.sn\/content\/d%C3%A9partement-de-biologie-v%C3%A9g%C3%A9tale\" target=\"_blank\" rel=\"noopener\">Cheikh Anta Diop University of Dakar, Senegal \u2013 Master\u2019s degree in Plant and Microbial Biotechnologies (BIOVEM)<\/a><\/li>\n<li><a href=\"https:\/\/www.ugb.sn\/fr\/toutes-nos-masters\" target=\"_blank\" rel=\"noopener\">Gaston Berger University of Saint-Louis, Senegal \u2013 Master\u2019s degree in Production and Processing of Agricultural Products (PTPA)<\/a><\/li>\n<li><a href=\"https:\/\/v3.uidt.sn\/ensa\/\" target=\"_blank\" rel=\"noopener\">National Higher School of Agriculture (ENSA) of Thi\u00e8s, Senegal \u2013 Master\u2019s degree in Seed Science and Technology (STS)<\/a><\/li>\n<li><a href=\"https:\/\/mak.ac.ug\/\" target=\"_blank\" rel=\"noopener\">Makerere University, Uganda<\/a><\/li>\n<li><a href=\"https:\/\/www.icesi.edu.co\/\" target=\"_blank\" rel=\"noopener\">Universidad ICESI, Colombia<\/a><\/li>\n<li><a href=\"https:\/\/www.umng.edu.co\/inicio\" target=\"_blank\" rel=\"noopener\">Universidad Militar Nueva Granada (UMNG), Colombia<\/a><\/li>\n<li><a href=\"https:\/\/usth.edu.vn\/en\" target=\"_blank\" rel=\"noopener\">University of Science and Technology of Hanoi (USTH), Vietnam<\/a><\/li>\n<\/ul>\n        <\/div>\n              <div\n          class=\"acf-tabs__panel\"\n          id=\"acf-tabs-vrQn6G-panel-2\"\n          role=\"tabpanel\"\n          aria-labelledby=\"acf-tabs-vrQn6G-tab-2\"\n          hidden>\n          <p><strong>Recurring training courses<\/strong><\/p>\n<ul>\n<li>Bioinformatics module (i-Trop\/South Green) \u2013 IRD, CIRAD, French Institute of Bioinformatics (IFB) [<a href=\"mailto:julie.orjuela@ird.fr\"><strong>Contact<\/strong><\/a>]<\/li>\n<li>International Certificate in Bioinformatics and Genomics \u2013 F\u00e9lix Houphou\u00ebt-Boigny University, C\u00f4te d\u2019Ivoire [<a href=\"mailto:bioinfo@wave-center.org\"><strong>Contact<\/strong><\/a>]<\/li>\n<\/ul>\n<p>&nbsp;<\/p>\n<p><strong>Past training courses<\/strong><\/p>\n<ul>\n<li>Introduction to Oxford Nanopore Technology data analyses \u2013 IRD, Senegalese Institute of Agricultural Research (ISRA), Regional Study Center for the Improvement of Drought Adaptation (CERAAS), Senegal [<a href=\"mailto:francois.sabot@ird.fr\"><strong>Contact<\/strong><\/a>]<\/li>\n<li>Research school: long-read sequencing and data analysis (Oxford Nanopore technology applied to plants) \u2013 IRD, University of Rosario, Argentina, Pontificia Universidad Cat\u00f3lica del Ecuador (PUCE), Ecuador \u2013 2023 [<a href=\"mailto:julie.orjuela@ird.fr\"><strong>Contact<\/strong><\/a>]<\/li>\n<li>Thematic bioinformatics school: Introduction to variant detection; NGS projects, variant detection and metagenomics \u2013 IRD, Institute of the Environment and Agricultural Research (INERA), Burkina Faso, Joseph Ki-Zerbo University, Burkina Faso [<a href=\"mailto:christine.tranchant@ird.fr\"><strong>Contact<\/strong>]<\/a><\/li>\n<li>Research school: Oxford Nanopore technology applied to microorganisms \u2013 IRD, Institute of the Environment and Agricultural Research (INERA), Burkina Faso, Joseph Ki-Zerbo University, Burkina Faso [<a href=\"mailto:christine.tranchant@ird.fr\"><strong>Contact<\/strong><\/a>]<\/li>\n<li>Bioinformatic course for Nanopore sequencing analysis \u2013 University of Londrina, Brazil, S\u00e3o Paulo State University, Brazil, Universidade Estadual Paulista J\u00falio de Mesquita Filho (UNESP) [<a href=\"mailto:romain.guyot@ird.fr\"><strong>Contact<\/strong><\/a>]<\/li>\n<li>NGS \/ RNA-Seq data analysis \u2013 F\u00e9lix Houphou\u00ebt-Boigny University, C\u00f4te d\u2019Ivoire [<a href=\"mailto:christine.tranchant@ird.fr\"><strong>Contact<\/strong><\/a>]<\/li>\n<li>Cluster system administration module \u2013 F\u00e9lix Houphou\u00ebt-Boigny University, C\u00f4te d\u2019Ivoire [<a href=\"mailto:ndomassi.tando@ird.fr\"><strong>C<\/strong><strong>ontact<\/strong><\/a>]<\/li>\n<li>Research school: third-generation sequencing (Oxford Nanopore technology applied to plants) \u2013 Mohammed V University of Rabat, Morocco [<a href=\"mailto:cedric.mariac@ird.fr\"><strong>Contact<\/strong><\/a>]<\/li>\n<li>Coffee genetics, origin and germplasm and variety improvement \u2013 Quisqueya University, Haiti  [<a href=\"mailto:valerie.poncet@ird.fr\"><strong>Contact<\/strong><\/a>]<\/li>\n<li>ECAS teaching module on coffee sciences \u2013 University of Zurich, Switzerland  [<a href=\"mailto:romain.guyot@ird.fr\"><strong>Contact<\/strong><\/a>]<\/li>\n<\/ul>\n        <\/div>\n          <\/div>\n    <script>\n    (function(){\n      const root = document.getElementById('acf-tabs-vrQn6G');\n      if(!root) return;\n      const tabs = root.querySelectorAll('.acf-tabs__tab');\n      const panels = root.querySelectorAll('.acf-tabs__panel');\n      function activate(idx){\n        tabs.forEach((t,i)=>{\n          t.classList.toggle('is-active', i===idx);\n          t.setAttribute('aria-selected', i===idx ? 'true' : 'false');\n          t.setAttribute('tabindex', i===idx ? '0' : '-1');\n        });\n        panels.forEach((p,i)=>{\n          p.classList.toggle('is-active', i===idx);\n          if(i===idx){ p.removeAttribute('hidden'); } else { p.setAttribute('hidden',''); }\n        });\n      }\n      tabs.forEach((t,i)=>{\n        t.addEventListener('click', ()=>activate(i));\n        t.addEventListener('keydown', (e)=>{\n          const k = e.key;\n          if(k==='ArrowRight' || k==='ArrowLeft'){\n            e.preventDefault();\n            let n = (i + (k==='ArrowRight'?1:-1) + tabs.length) % tabs.length;\n            tabs[n].focus(); activate(n);\n          }\n        });\n      });\n    })();\n    <\/script>\n    <style>\n      .acf-tabs{ --gap: .5rem; }\n      .acf-tabs__list{ display:flex; gap:20px; flex-wrap:wrap; margin:0 0 1rem; }\n      .acf-tabs__tab{\n        border:1px solid #ddd; padding:.5rem .75rem; background:#f7f7f7; cursor:pointer;\n        border-radius:.5rem; outline:0;\n      }\n      .acf-tabs__tab.is-active{ background:#fff; border-color:#bbb; box-shadow:0 1px 2px rgba(0,0,0,.04); }\n      .acf-tabs__panel{ border:1px solid #ddd; border-radius:.5rem; padding:1rem; background:#fff; }\n    <\/style>\n    <\/div>\n\t\t\t\t\t\t<\/div>\n\t\t\t\t<\/div>\n\t\t\t\t<\/div>\n\t\t\t\t\t<\/div>\n\t\t\t\t<\/div>\n\t\t\t\t<\/div>\n\t\t\t\t<\/div>\n\t\t","protected":false},"excerpt":{"rendered":"<p>Members of the DIADE Joint Research Unit are strongly involved in higher education and training, delivering more than 1,000 hours of teaching per year, both in the Global North and the Global South.<\/p>\n","protected":false},"author":2,"featured_media":8687,"parent":0,"menu_order":11,"comment_status":"closed","ping_status":"closed","template":"","meta":{"_acf_changed":false,"footnotes":""},"class_list":["post-7907","page","type-page","status-publish","has-post-thumbnail","hentry","wpautop"],"acf":[],"_links":{"self":[{"href":"https:\/\/www.umr-diade.fr\/en\/wp-json\/wp\/v2\/pages\/7907","targetHints":{"allow":["GET"]}}],"collection":[{"href":"https:\/\/www.umr-diade.fr\/en\/wp-json\/wp\/v2\/pages"}],"about":[{"href":"https:\/\/www.umr-diade.fr\/en\/wp-json\/wp\/v2\/types\/page"}],"author":[{"embeddable":true,"href":"https:\/\/www.umr-diade.fr\/en\/wp-json\/wp\/v2\/users\/2"}],"replies":[{"embeddable":true,"href":"https:\/\/www.umr-diade.fr\/en\/wp-json\/wp\/v2\/comments?post=7907"}],"version-history":[{"count":5,"href":"https:\/\/www.umr-diade.fr\/en\/wp-json\/wp\/v2\/pages\/7907\/revisions"}],"predecessor-version":[{"id":11513,"href":"https:\/\/www.umr-diade.fr\/en\/wp-json\/wp\/v2\/pages\/7907\/revisions\/11513"}],"wp:featuredmedia":[{"embeddable":true,"href":"https:\/\/www.umr-diade.fr\/en\/wp-json\/wp\/v2\/media\/8687"}],"wp:attachment":[{"href":"https:\/\/www.umr-diade.fr\/en\/wp-json\/wp\/v2\/media?parent=7907"}],"curies":[{"name":"wp","href":"https:\/\/api.w.org\/{rel}","templated":true}]}}